{"id":3,"date":"2024-02-19T23:32:09","date_gmt":"2024-02-19T22:32:09","guid":{"rendered":"https:\/\/lukuniverse.com\/?page_id=3"},"modified":"2025-02-19T15:03:22","modified_gmt":"2025-02-19T20:03:22","slug":"politica-privacidad","status":"publish","type":"page","link":"https:\/\/lukuniverse.com\/es\/politica-privacidad\/","title":{"rendered":"Pol\u00edtica de privacidad"},"content":{"rendered":"\n<p>Estamos comprometidos a ayudarlo a aprovechar al m\u00e1ximo su tiempo en l\u00ednea dentro de un entorno confiable. Porque respetamos su privacidad, le informamos nuestras pol\u00edticas de privacidad en l\u00ednea. Esta pol\u00edtica de privacidad revela c\u00f3mo recopilamos, protegemos, usamos y compartimos la informaci\u00f3n recopilada sobre usted en nuestros sitios web. Esperamos que esta divulgaci\u00f3n ayude a aumentar su confianza en nuestros sitios y a mejorar su experiencia en Internet. Su uso del sitio web indica su aceptaci\u00f3n de los t\u00e9rminos de esta pol\u00edtica de privacidad.<\/p>\n\n\n\n<p><strong>Tipos de informaci\u00f3n que recopilamos y c\u00f3mo la recopilamos<\/strong> <\/p>\n\n\n\n<p>La mayor\u00eda de la informaci\u00f3n de productos y servicios publicada en nuestros sitios se ofrece sin que nosotros recopilemos ninguna informaci\u00f3n de identificaci\u00f3n personal de usted. Puede navegar por los sitios web y ver gran parte de nuestro contenido de forma an\u00f3nima. <\/p>\n\n\n\n<p><strong>Informaci\u00f3n que proporciona el cliente<\/strong> <\/p>\n\n\n\n<p>Hay algunas actividades en nuestros sitios donde es necesaria la recopilaci\u00f3n de informaci\u00f3n de identificaci\u00f3n personal. Esas actividades incluyen cosas como participar en un concurso o sorteo, regalar, hacer una compra, solicitar un cat\u00e1logo, bolet\u00edn de noticias u otra informaci\u00f3n, registrarse en nuestros sitios, completar una encuesta o cuestionario, o contactarnos. Para la mayor\u00eda de las actividades, solo recopilamos su nombre, direcci\u00f3n de correo electr\u00f3nico, direcci\u00f3n postal, c\u00f3digo postal y fecha de nacimiento.&nbsp; Cuando realiza una compra, tambi\u00e9n recopilamos su direcci\u00f3n de facturaci\u00f3n, su n\u00famero de tel\u00e9fono e informaci\u00f3n de su tarjeta de cr\u00e9dito. Si visita nuestras p\u00e1ginas en los sitios de redes sociales como Facebook e Instagram, podremos recopilar informaci\u00f3n de identificaci\u00f3n personal y no personal. Por ejemplo, si hace una pregunta sobre el servicio al cliente a trav\u00e9s de nuestra p\u00e1gina de Facebook, recibiremos su nombre de usuario junto con su pregunta y usaremos esa informaci\u00f3n para responder a la pregunta. La informaci\u00f3n de identificaci\u00f3n personal ser\u00e1 almacenada por nosotros hasta que se borre en el curso del tiempo. <\/p>\n\n\n\n<p><strong>Con quien compartimos tu informaci\u00f3n personal: <\/strong><\/p>\n\n\n\n<p>A veces utilizamos compa\u00f1\u00edas de terceros para ayudarnos a orientar la publicidad o para comercializar los productos que le interesan de nuestro sitio web, o para facilitar el procesamiento y el cumplimiento de pedidos. En esos casos, compartimos su informaci\u00f3n con ellos para orientar la publicidad, entregar productos, ayudarnos a recopilar y administrar la informaci\u00f3n del cliente, cumplir promociones y \/ o comunicarnos con usted. Estas compa\u00f1\u00edas de terceros incluyen:Mailchimp, Brevo,\u00a0 email marketing, Facebook, Google, Amazon, Bing y otros anunciantes \u2013 servicios publicitarios Algunas de estas compa\u00f1\u00edas tienen acceso a parte o toda la informaci\u00f3n que nos proporciona, y algunas pueden usar cookies u otras tecnolog\u00edas de rastreo en nuestro nombre. Estas empresas tienen restricciones para utilizar su informaci\u00f3n de cualquier otra manera que no sea para ayudarnos a orientar la publicidad o para ofrecer o proporcionarle nuestros productos. LUK utiliza servicios publicitarios dirigidos proporcionados por compa\u00f1\u00edas como Facebook y otros proveedores externos. Estos servicios est\u00e1n destinados a ofrecer anuncios que probablemente le interesen, en funci\u00f3n de su navegaci\u00f3n reciente. Esos servicios utilizan medios t\u00e9cnicos, como cookies y etiquetas de p\u00edxeles, para recopilar datos tal como se describe en sus avisos de privacidad a fin de ayudar a proporcionar anuncios LUK sean m\u00e1s relevantes para usted. En lo que respecta a los sitios web de LUK, recopilan datos sobre su actividad de navegaci\u00f3n en los sitios web de LUK como qu\u00e9 p\u00e1ginas visit\u00f3 y cu\u00e1ndo; informaci\u00f3n t\u00e9cnica sobre su dispositivo y navegador, como la direcci\u00f3n IP de su dispositivo, el tipo de dispositivo y el identificador \u00fanico; informaci\u00f3n sobre los anuncios que se le han enviado y si interactu\u00f3 con el anuncio; y datos de socios publicitarios de terceros, como identificadores con pseud\u00f3nimos, para ayudarlo a entregar anuncios y reconocerlo en todos los navegadores y dispositivos. Los proveedores de terceros ofrecen formas de inhabilitar el seguimiento y esa informaci\u00f3n se puede encontrar en sus respectivos sitios web. Podemos compartir su informaci\u00f3n con los patrocinadores si lo necesitan para enviarle un producto o para cumplir con la promoci\u00f3n. Podemos compartir su informaci\u00f3n con esos patrocinadores para que puedan enviarle otras promociones especiales. Sabr\u00e1 que haremos esto porque le informaremos cuando se registre para estas promociones. Adem\u00e1s, ocasionalmente enviaremos promociones por correo electr\u00f3nico a nuestros usuarios en nombre de patrocinadores externos con respecto a productos o servicios relacionados con el estilo de vida de usted. Tambi\u00e9n podemos compartir informaci\u00f3n por razones de seguridad para prevenir, investigar o tomar medidas con respecto a actividades ilegales, sospecha de fraude, situaciones que involucren amenazas potenciales a la seguridad f\u00edsica de las personas, violaciones de nuestros t\u00e9rminos de servicio o seg\u00fan lo exija la ley.<\/p>\n\n\n\n<p><strong>Organizaciones que ayudan a proteger la seguridad y la seguridad de nuestros usuarios y nuestros sitios<\/strong><\/p>\n\n\n\n<p> Daremos informaci\u00f3n personal seg\u00fan lo exija la ley, por ejemplo, para cumplir con una orden judicial o citaci\u00f3n, para hacer cumplir nuestros t\u00e9rminos de servicio o para proteger la seguridad de los usuarios y nuestro sitio. <\/p>\n\n\n\n<p><strong>Cambios en la pol\u00edtica de privacidad<\/strong> <\/p>\n\n\n\n<p>Cambios en este aviso de privacidad ser\u00e1n publicados en esta p\u00e1gina. si realizamos un cambio importante en nuestras pr\u00e1cticas de privacidad, proporcionaremos un aviso en el sitio o por otros medios, seg\u00fan corresponda. En caso tenga preguntas sobre esta pol\u00edtica de privacidad o sobre LUK en general, o para cancelar la suscripci\u00f3n a contactos promocionales, puede escribirnos por correo electr\u00f3nico a contacto@lukuniverse.com <\/p>\n\n\n\n<p><strong>Shipping<\/strong> <\/p>\n\n\n\n<p>Todas las \u00f3rdenes se env\u00edan de lunes a viernes. El procesamiento demora 5 d\u00edas \u00fatiles para env\u00edos est\u00e1ndar.&nbsp; \u00bfNecesitas cancelar o hacer un ajuste? \u00a1H\u00e1znoslo saber de inmediato y haremos nuestro mejor esfuerzo!  Env\u00edanos un correo electr\u00f3nico a contacto@lukuniverse.com. Desafortunadamente no podemos hacer ning\u00fan cambio una vez que se env\u00eda un pedido a nuestro almac\u00e9n, porque estamos trabajando r\u00e1pidamente para llegar a su puerta. No nos hacemos responsables por los retrasos de env\u00edo de las compa\u00f1\u00edas. <\/p>\n\n\n\n<p>Para env\u00edos internacionales, los aranceles o impuestos que se generen por el ingreso del producto a su pa\u00eds correr\u00e1n a cuenta del cliente. <\/p>\n\n\n\n<p>\u00bfCu\u00e1l es el m\u00ednimo de compra en el exterior, libre de impuesto, en mi pa\u00eds? Aduanas de cada pa\u00eds mantiene un monto distinto m\u00ednimo libre de pago para las importaciones, por lo que el pago de impuestos locales depende de este monto. <\/p>\n\n\n\n<p>Pa\u00eds\u2013 C\u00f3digo de Pa\u00eds\u2013 M\u00ednimos Declarados (monto en d\u00f3lares) <\/p>\n\n\n\n<div class=\"wp-block-columns is-layout-flex wp-container-core-columns-is-layout-9d6595d7 wp-block-columns-is-layout-flex\">\n<div class=\"wp-block-column is-layout-flow wp-block-column-is-layout-flow\" style=\"flex-basis:50%\">\n<div class=\"wp-block-group\"><div class=\"wp-block-group__inner-container is-layout-constrained wp-block-group-is-layout-constrained\">\n<figure class=\"wp-block-table is-style-stripes has-small-font-size\"><table class=\"has-fixed-layout\"><tbody><tr><td>ARGENTINGA \u2013 AR \u2013 NA<br>BAHAMAS \u2013 BS- &lt;$49<br>BARBADOS \u2013 BB \u2013 NA<br>BERMUDA \u2013 BM \u2013 &lt;$20<br>BOLIVIA \u2013 BO \u2013 NA<br>BRAZIL \u2013 BR \u2013 NA<br>CANADA \u2013 CA \u2013 &lt;CA$20<br>CAYMAN ISLANDS \u2013 KY \u2013 &lt;$50<br>CHILE \u2013 CL \u2013 $30<br>COLOMBIA \u2013 CO \u2013 NA<br>COSTA RICA \u2013 CR \u2013 NA<br>CURACAO \u2013 XC \u2013 $25<br>DINAMARCA \u2013 DK \u2013 &lt;$11<br>DOMINICAN REPUBLIC \u2013 DO \u2013 $0 a $200<br>ECUADOR \u2013 EC \u2013 NA<br>EL SALVADOR \u2013 SV \u2013 NA<br>ESPA\u00d1A \u2013 ES \u2013 $24 MAX 10KGS<br>FRANCIA \u2013 FR \u2013 $23.30<br>GUATEMALA \u2013 GT \u2013 NA<br>GUADELOUPE \u2013 GP \u2013 &lt;\u20ac22<br>GUYANA FRANCESA \u2013 GF \u2013 &lt;\u20ac22<br>HAITI \u2013 HT \u2013 CRITERIOS PERSONALIZADOS<br>HONDURAS \u2013 HN \u2013 NA<br>ITALIA \u2013 IT \u2013 &lt;\u20ac22<br>JAMAICA \u2013 JM \u2013 &lt;$20<br>MARINIQUE \u2013 MQ \u2013 NA<br>MEXICO \u2013 MX \u2013 &lt;$50<br>NICARAGUA \u2013 NI \u2013 NA<br>PANAMA \u2013 PA \u2013 &lt;$100 US \/ &lt;$50 otros<br>PARAGUAY \u2013 PY \u2013 $100<br>PERU \u2013 PE \u2013 &lt;$200<br>ST. MARTEEN \u2013 XM \u2013<br>TRINIDAD &amp; TOBAGO \u2013 TT \u2013 NA<br>REINO UNIDO \u2013 UK \u2013 &lt;\u20ac15 (Excluye: bebidas alc\u00f3holicas, tabaco y perfumes)<br>ESTADOS UNIDOS \u2013 US \u2013 &lt;$800<br>URUGUAY \u2013 UY \u2013 $50<br>VENEZUELA \u2013 VE \u2013 &lt;$100<br>ISLAS V\u00cdRGENES BRIT\u00c1NICAS \u2013 VG \u2013 &lt;$20<\/td><\/tr><\/tbody><\/table><\/figure>\n<\/div><\/div>\n<\/div>\n\n\n\n<div class=\"wp-block-column is-layout-flow wp-block-column-is-layout-flow\" style=\"flex-basis:50%\"><\/div>\n<\/div>\n","protected":false},"excerpt":{"rendered":"<p>Estamos comprometidos a ayudarlo a aprovechar al m\u00e1ximo su tiempo en l\u00ednea dentro de un entorno confiable. Porque respetamos su privacidad, le informamos nuestras pol\u00edticas de privacidad en l\u00ednea. Esta pol\u00edtica de privacidad revela c\u00f3mo recopilamos, protegemos, usamos y compartimos la informaci\u00f3n recopilada sobre usted en nuestros sitios web. Esperamos que esta divulgaci\u00f3n ayude a [&hellip;]<\/p>\n","protected":false},"author":1,"featured_media":0,"parent":0,"menu_order":0,"comment_status":"closed","ping_status":"open","template":"","meta":{"_acf_changed":false,"footnotes":""},"class_list":["post-3","page","type-page","status-publish","hentry"],"acf":[],"yoast_head":"<!-- This site is optimized with the Yoast SEO plugin v27.1.1 - https:\/\/yoast.com\/product\/yoast-seo-wordpress\/ -->\n<title>Pol\u00edtica de privacidad - Luk Universe<\/title>\n<meta name=\"robots\" content=\"index, follow, max-snippet:-1, max-image-preview:large, max-video-preview:-1\" \/>\n<link rel=\"canonical\" href=\"https:\/\/lukuniverse.com\/es\/politica-privacidad\/\" \/>\n<meta property=\"og:locale\" content=\"es_ES\" \/>\n<meta property=\"og:type\" content=\"article\" \/>\n<meta property=\"og:title\" content=\"Pol\u00edtica de privacidad - Luk Universe\" \/>\n<meta property=\"og:description\" content=\"Estamos comprometidos a ayudarlo a aprovechar al m\u00e1ximo su tiempo en l\u00ednea dentro de un entorno confiable. Porque respetamos su privacidad, le informamos nuestras pol\u00edticas de privacidad en l\u00ednea. Esta pol\u00edtica de privacidad revela c\u00f3mo recopilamos, protegemos, usamos y compartimos la informaci\u00f3n recopilada sobre usted en nuestros sitios web. Esperamos que esta divulgaci\u00f3n ayude a [&hellip;]\" \/>\n<meta property=\"og:url\" content=\"https:\/\/lukuniverse.com\/es\/politica-privacidad\/\" \/>\n<meta property=\"og:site_name\" content=\"Luk Universe\" \/>\n<meta property=\"article:publisher\" content=\"https:\/\/www.facebook.com\/lukperu\" \/>\n<meta property=\"article:modified_time\" content=\"2025-02-19T20:03:22+00:00\" \/>\n<meta name=\"twitter:card\" content=\"summary_large_image\" \/>\n<meta name=\"twitter:label1\" content=\"Tiempo de lectura\" \/>\n\t<meta name=\"twitter:data1\" content=\"6 minutos\" \/>\n<script type=\"application\/ld+json\" class=\"yoast-schema-graph\">{\"@context\":\"https:\/\/schema.org\",\"@graph\":[{\"@type\":\"WebPage\",\"@id\":\"https:\/\/lukuniverse.com\/es\/politica-privacidad\/\",\"url\":\"https:\/\/lukuniverse.com\/es\/politica-privacidad\/\",\"name\":\"Pol\u00edtica de privacidad - Luk Universe\",\"isPartOf\":{\"@id\":\"https:\/\/lukuniverse.com\/es\/#website\"},\"datePublished\":\"2024-02-19T22:32:09+00:00\",\"dateModified\":\"2025-02-19T20:03:22+00:00\",\"breadcrumb\":{\"@id\":\"https:\/\/lukuniverse.com\/es\/politica-privacidad\/#breadcrumb\"},\"inLanguage\":\"es\",\"potentialAction\":[{\"@type\":\"ReadAction\",\"target\":[\"https:\/\/lukuniverse.com\/es\/politica-privacidad\/\"]}]},{\"@type\":\"BreadcrumbList\",\"@id\":\"https:\/\/lukuniverse.com\/es\/politica-privacidad\/#breadcrumb\",\"itemListElement\":[{\"@type\":\"ListItem\",\"position\":1,\"name\":\"Portada\",\"item\":\"https:\/\/lukuniverse.com\/es\/\"},{\"@type\":\"ListItem\",\"position\":2,\"name\":\"Pol\u00edtica de privacidad\"}]},{\"@type\":\"WebSite\",\"@id\":\"https:\/\/lukuniverse.com\/es\/#website\",\"url\":\"https:\/\/lukuniverse.com\/es\/\",\"name\":\"LUK\",\"description\":\"Worlwide Store\",\"publisher\":{\"@id\":\"https:\/\/lukuniverse.com\/es\/#organization\"},\"potentialAction\":[{\"@type\":\"SearchAction\",\"target\":{\"@type\":\"EntryPoint\",\"urlTemplate\":\"https:\/\/lukuniverse.com\/es\/?s={search_term_string}\"},\"query-input\":{\"@type\":\"PropertyValueSpecification\",\"valueRequired\":true,\"valueName\":\"search_term_string\"}}],\"inLanguage\":\"es\"},{\"@type\":\"Organization\",\"@id\":\"https:\/\/lukuniverse.com\/es\/#organization\",\"name\":\"Luk\",\"url\":\"https:\/\/lukuniverse.com\/es\/\",\"logo\":{\"@type\":\"ImageObject\",\"inLanguage\":\"es\",\"@id\":\"https:\/\/lukuniverse.com\/es\/#\/schema\/logo\/image\/\",\"url\":\"https:\/\/lukuniverse.com\/wp-content\/uploads\/2024\/05\/cropped-Brand-ID_LUK_01.04.pdf-2024-05-07-11-27-48.png\",\"contentUrl\":\"https:\/\/lukuniverse.com\/wp-content\/uploads\/2024\/05\/cropped-Brand-ID_LUK_01.04.pdf-2024-05-07-11-27-48.png\",\"width\":512,\"height\":512,\"caption\":\"Luk\"},\"image\":{\"@id\":\"https:\/\/lukuniverse.com\/es\/#\/schema\/logo\/image\/\"},\"sameAs\":[\"https:\/\/www.facebook.com\/lukperu\",\"https:\/\/www.instagram.com\/lukperu\/\"]}]}<\/script>\n<!-- \/ Yoast SEO plugin. -->","yoast_head_json":{"title":"Pol\u00edtica de privacidad - Luk Universe","robots":{"index":"index","follow":"follow","max-snippet":"max-snippet:-1","max-image-preview":"max-image-preview:large","max-video-preview":"max-video-preview:-1"},"canonical":"https:\/\/lukuniverse.com\/es\/politica-privacidad\/","og_locale":"es_ES","og_type":"article","og_title":"Pol\u00edtica de privacidad - Luk Universe","og_description":"Estamos comprometidos a ayudarlo a aprovechar al m\u00e1ximo su tiempo en l\u00ednea dentro de un entorno confiable. Porque respetamos su privacidad, le informamos nuestras pol\u00edticas de privacidad en l\u00ednea. Esta pol\u00edtica de privacidad revela c\u00f3mo recopilamos, protegemos, usamos y compartimos la informaci\u00f3n recopilada sobre usted en nuestros sitios web. Esperamos que esta divulgaci\u00f3n ayude a [&hellip;]","og_url":"https:\/\/lukuniverse.com\/es\/politica-privacidad\/","og_site_name":"Luk Universe","article_publisher":"https:\/\/www.facebook.com\/lukperu","article_modified_time":"2025-02-19T20:03:22+00:00","twitter_card":"summary_large_image","twitter_misc":{"Tiempo de lectura":"6 minutos"},"schema":{"@context":"https:\/\/schema.org","@graph":[{"@type":"WebPage","@id":"https:\/\/lukuniverse.com\/es\/politica-privacidad\/","url":"https:\/\/lukuniverse.com\/es\/politica-privacidad\/","name":"Pol\u00edtica de privacidad - Luk Universe","isPartOf":{"@id":"https:\/\/lukuniverse.com\/es\/#website"},"datePublished":"2024-02-19T22:32:09+00:00","dateModified":"2025-02-19T20:03:22+00:00","breadcrumb":{"@id":"https:\/\/lukuniverse.com\/es\/politica-privacidad\/#breadcrumb"},"inLanguage":"es","potentialAction":[{"@type":"ReadAction","target":["https:\/\/lukuniverse.com\/es\/politica-privacidad\/"]}]},{"@type":"BreadcrumbList","@id":"https:\/\/lukuniverse.com\/es\/politica-privacidad\/#breadcrumb","itemListElement":[{"@type":"ListItem","position":1,"name":"Portada","item":"https:\/\/lukuniverse.com\/es\/"},{"@type":"ListItem","position":2,"name":"Pol\u00edtica de privacidad"}]},{"@type":"WebSite","@id":"https:\/\/lukuniverse.com\/es\/#website","url":"https:\/\/lukuniverse.com\/es\/","name":"LUK","description":"Worlwide Store","publisher":{"@id":"https:\/\/lukuniverse.com\/es\/#organization"},"potentialAction":[{"@type":"SearchAction","target":{"@type":"EntryPoint","urlTemplate":"https:\/\/lukuniverse.com\/es\/?s={search_term_string}"},"query-input":{"@type":"PropertyValueSpecification","valueRequired":true,"valueName":"search_term_string"}}],"inLanguage":"es"},{"@type":"Organization","@id":"https:\/\/lukuniverse.com\/es\/#organization","name":"Luk","url":"https:\/\/lukuniverse.com\/es\/","logo":{"@type":"ImageObject","inLanguage":"es","@id":"https:\/\/lukuniverse.com\/es\/#\/schema\/logo\/image\/","url":"https:\/\/lukuniverse.com\/wp-content\/uploads\/2024\/05\/cropped-Brand-ID_LUK_01.04.pdf-2024-05-07-11-27-48.png","contentUrl":"https:\/\/lukuniverse.com\/wp-content\/uploads\/2024\/05\/cropped-Brand-ID_LUK_01.04.pdf-2024-05-07-11-27-48.png","width":512,"height":512,"caption":"Luk"},"image":{"@id":"https:\/\/lukuniverse.com\/es\/#\/schema\/logo\/image\/"},"sameAs":["https:\/\/www.facebook.com\/lukperu","https:\/\/www.instagram.com\/lukperu\/"]}]}},"_links":{"self":[{"href":"https:\/\/lukuniverse.com\/es\/wp-json\/wp\/v2\/pages\/3","targetHints":{"allow":["GET"]}}],"collection":[{"href":"https:\/\/lukuniverse.com\/es\/wp-json\/wp\/v2\/pages"}],"about":[{"href":"https:\/\/lukuniverse.com\/es\/wp-json\/wp\/v2\/types\/page"}],"author":[{"embeddable":true,"href":"https:\/\/lukuniverse.com\/es\/wp-json\/wp\/v2\/users\/1"}],"replies":[{"embeddable":true,"href":"https:\/\/lukuniverse.com\/es\/wp-json\/wp\/v2\/comments?post=3"}],"version-history":[{"count":5,"href":"https:\/\/lukuniverse.com\/es\/wp-json\/wp\/v2\/pages\/3\/revisions"}],"predecessor-version":[{"id":9045,"href":"https:\/\/lukuniverse.com\/es\/wp-json\/wp\/v2\/pages\/3\/revisions\/9045"}],"wp:attachment":[{"href":"https:\/\/lukuniverse.com\/es\/wp-json\/wp\/v2\/media?parent=3"}],"curies":[{"name":"wp","href":"https:\/\/api.w.org\/{rel}","templated":true}]}}